{"id":429,"date":"2025-09-03T09:38:35","date_gmt":"2025-09-03T09:38:35","guid":{"rendered":"https:\/\/wearetwist.com\/?page_id=429"},"modified":"2025-11-12T15:46:45","modified_gmt":"2025-11-12T15:46:45","slug":"kodex-we-are-twist","status":"publish","type":"page","link":"https:\/\/wearetwist.com\/cs\/kodex-we-are-twist\/","title":{"rendered":"Kodex We Are Twist"},"content":{"rendered":"\t\t<div data-elementor-type=\"wp-page\" data-elementor-id=\"429\" class=\"elementor elementor-429\" data-elementor-post-type=\"page\">\n\t\t\t\t<div class=\"elementor-element elementor-element-0752de7 e-flex e-con-boxed e-con e-parent\" data-id=\"0752de7\" data-element_type=\"container\">\n\t\t\t\t\t<div class=\"e-con-inner\">\n\t\t\t\t<div class=\"elementor-element elementor-element-cdb5474 elementor-widget elementor-widget-heading\" data-id=\"cdb5474\" data-element_type=\"widget\" data-widget_type=\"heading.default\">\n\t\t\t\t\t<h2 class=\"elementor-heading-title elementor-size-default\">Kodex We Are Twist<\/h2>\t\t\t\t<\/div>\n\t\t\t\t<div class=\"elementor-element elementor-element-bded3ee elementor-widget elementor-widget-text-editor\" data-id=\"bded3ee\" data-element_type=\"widget\" data-widget_type=\"text-editor.default\">\n\t\t\t\t\t\t\t\t\t<p>V\u00edtej v rodin\u011b We Are Twist!\u00a0<\/p><p>Tento kodex p\u0159ehledn\u011b shrnuje na\u0161e spole\u010dn\u00e9 hodnoty, p\u0159\u00edstup a o\u010dek\u00e1v\u00e1n\u00ed. Spole\u010dn\u011b tvo\u0159\u00edme zna\u010dky, kter\u00e1 stav\u00ed na kvalit\u011b, inovac\u00edch a v\u00fdjime\u010dn\u00e9m servisu.<\/p><p>TWIST nen\u00ed jen o produktu \u2013 je to chv\u00edle radosti. Na\u0161\u00edm c\u00edlem je vytv\u00e1\u0159et nezapomenuteln\u00e9 z\u00e1\u017eitky pro V\u00e1s a na\u0161e z\u00e1kazn\u00edky skrze v\u00fdborn\u00fd produkt, p\u0159\u00edjemn\u00e9 prost\u0159ed\u00ed a skv\u011bl\u00fd servis.<\/p><p>Na\u0161e hodnoty:<\/p><ol><li aria-level=\"1\">Laskavost<\/li><li aria-level=\"1\">Respekt<\/li><li aria-level=\"1\">Poctivost\u00a0<\/li><li aria-level=\"1\">Profesion\u00e1ln\u00ed vystupov\u00e1n\u00ed a z\u00e1kaznick\u00fd servis<\/li><li aria-level=\"1\">Otev\u0159en\u00e1 komunikace<\/li><li aria-level=\"1\">Inovace a chu\u0165 zkou\u0161et nov\u00e9 v\u011bci<\/li><li aria-level=\"1\">Receptury<\/li><li aria-level=\"1\">\u010cistota, hygiena<\/li><li aria-level=\"1\">Spolupr\u00e1ce, d\u016fv\u011bra a t\u00fdmov\u00fd duch<\/li><li aria-level=\"1\">Schr\u00e1nka D\u016eV\u011aRY<\/li><\/ol><p>1. Laskavost<\/p><p>Laskavost si spojujeme s dobr\u00fdm srdcem a vl\u00eddn\u00fdm p\u0159\u00edstupem a pomoc\u00ed druh\u00fdm.<\/p><p>Ch\u00e1peme ji jako\u00a0schopnost projevovat soucit, ohleduplnost a\u00a0 ochotu pom\u00e1hat druh\u00fdm. Je to mnohem v\u00edce ne\u017e jen zdvo\u0159ilost. Je to zp\u016fsob, jak\u00fdm jedn\u00e1me, a na\u0161e chov\u00e1n\u00ed ve vztaz\u00edch s ostatn\u00edmi. Tato jednoduch\u00e1 a mocn\u00e1 vlastnost p\u0159in\u00e1\u0161\u00ed zlep\u0161en\u00ed do ka\u017edodenn\u00ed \u017eivota.<\/p><p>2. Respekt\u00a0<\/p><p>V sob\u011b obsahuje \u00factu, v\u00e1\u017enost, ohled, z\u0159etel a uzn\u00e1n\u00ed v\u016f\u010di druh\u00fdm, dodr\u017eov\u00e1n\u00ed pravidel. Jde o vztah mezi lidmi, kter\u00fd si nedovol\u00ed po\u0161kodit jin\u00e9ho \u010dlov\u011bka psychicky ani \u017e\u00e1dn\u00fdm jin\u00fdm zp\u016fsobem. Respekt se li\u0161\u00ed od obav nebo strachu. Zahrnuje tak\u00e9 dobrovoln\u00e9 omezen\u00ed, ale nikoli proto, \u017ee by byl v\u016f\u010di n\u011b\u010demu lhostejn\u00fd, n\u00fdbr\u017e proto, \u017ee si jich v\u00e1\u017e\u00ed.\u00a0<\/p><p>Respekt je d\u016fle\u017eitou sou\u010d\u00e1st\u00ed mravnosti.<\/p><p>3. Poctivost<\/p><p>Je pro n\u00e1s up\u0159\u00edmn\u00fdm zp\u016fsobem chov\u00e1n\u00ed, kter\u00e9 je v souladu s etikou a obecn\u011b\u00a0uzn\u00e1van\u00fdmi mor\u00e1ln\u00edmi hodnotami ve spole\u010dnosti. Toto je pro n\u00e1s spojeno s\u00a0\u010destnost\u00ed, sv\u011bdomitost\u00ed a d\u016fkladnost\u00ed, p\u0159i d\u016fkladn\u00e9m dodr\u017eov\u00e1n\u00ed povinnost\u00ed kter\u00e9\u00a0v\u016f\u010di sob\u011b m\u00e1me.<\/p><p>4. Profesion\u00e1ln\u00ed vystupov\u00e1n\u00ed a z\u00e1kaznick\u00fd servis<\/p><p>Pro z\u00e1kazn\u00edka d\u011bl\u00e1me to nejlep\u0161\u00ed, abychom mu p\u0159inesli pozitivn\u00ed z\u00e1\u017eitek.\u00a0S \u00fasm\u011bvem, vst\u0159\u00edcn\u00fdm p\u0159\u00edstupem. V\u017edy vych\u00e1z\u00edme z\u00e1kazn\u00edkovi vst\u0159\u00edc, aby se k\u00a0n\u00e1m vracel.<\/p><p>5. Otev\u0159en\u00e1 komunikace<\/p><p>Skrze otev\u0159enou komunikaci budujeme d\u016fv\u011bru, \u0159\u00edk\u00e1me si v\u011bci na rovinu, up\u0159\u00edmn\u011b a\u00a0s respektem. Um\u00edme spolu mluvit. To je z\u00e1kladem pro budov\u00e1n\u00ed d\u016fv\u011bry a prevence\u00a0konflikt\u016f. T\u00edmto p\u0159\u00edstupem zlep\u0161ujeme vz\u00e1jemnou spolupr\u00e1ci, vztahy a vz\u00e1jemn\u011b si\u00a0pom\u00e1h\u00e1me v osobn\u00edm r\u016fstu.<\/p><p>6. Inovace a chu\u0165 zkou\u0161et nov\u00e9 v\u011bci<\/p><p>D\u00edv\u00e1me se kolem sebe, aby n\u00e1\u0161 spole\u010dn\u00fd z\u00e1\u017eitek byl co nejlep\u0161\u00ed. Vy, my a na\u0161i\u00a0z\u00e1kazn\u00edci vlastn\u011b neplat\u00ed. Vid\u00edme jednu rodinu, kter\u00e1 m\u00e1 r\u00e1da inovace a zkou\u0161\u00ed\u00a0nov\u00e9 v\u011bci.<\/p><p>7. Receptury<\/p><p>Prvot\u0159\u00eddn\u00ed suroviny, nejlep\u0161\u00ed receptury, kter\u00e9 nejen chutnaj\u00ed, p\u0159edev\u0161\u00edm p\u0159in\u00e1\u0161\u00ed\u00a0z\u00e1\u017eitek. To v\u0161e odpov\u011bdn\u011b. V\u016f\u010di v\u0161em, p\u0159\u00edrod\u011b.<\/p><p>8. \u010cistota a hygiena<\/p><p>Mimo \u00fasm\u011bv na tv\u00e1\u0159i a \u010dist\u00e9 ruce v\u017edy dodr\u017eujeme ve\u0161ker\u00e9 technologick\u00e9 a\u00a0hygienick\u00e9 postupy.<\/p><p>9. Spolupr\u00e1ce, d\u016fv\u011bra a t\u00fdmov\u00fd duch<\/p><p>Bez z\u00e1kazn\u00edk\u016f, dodavatel\u016f, majitel\u016f franchise a n\u00e1s nem\u016f\u017eeme fungovat. Spolupracujeme, d\u016fv\u011b\u0159ujeme si. Jsme TWIST rodina.\u00a0<\/p><p>10. Anonymn\u00ed Schr\u00e1nka D\u016eV\u011aRY<\/p><p>Vid\u00edte, \u017ee n\u00e1\u0161 kodex TWIST rodiny nen\u00ed dodr\u017eov\u00e1n?\u00a0Je to jednoduch\u00e9 \u2013 sta\u010d\u00ed vyplnit formul\u00e1\u0159 zde, v\u0161e je pln\u011b anonymn\u00ed.<\/p><p><a href=\"https:\/\/docs.google.com\/forms\/d\/e\/1FAIpQLSfDDRK7bP2BTWft-JBOEnLfBnnYE5BZQkI-RUg2XFv2grKpig\/viewform?usp=header\" target=\"_blank\" rel=\"noopener\">Otev\u0159\u00edt Schr\u00e1nku D\u016eV\u011aRY \u2192<\/a><\/p><p>Pro dal\u0161\u00ed podn\u011bty n\u00e1m napi\u0161te na: <a href=\"mailto:info@wearetwist.com\">info@wearetwist.com<\/a><\/p><p>D\u011bkujeme,<\/p><p>Radek Klein<br \/>Andrea Fenn<br \/>Daniel Ry\u0161ka<\/p>\t\t\t\t\t\t\t\t<\/div>\n\t\t\t\t\t<\/div>\n\t\t\t\t<\/div>\n\t\t\t\t<\/div>\n\t\t","protected":false},"excerpt":{"rendered":"<p>Kodex We Are Twist V\u00edtej v rodin\u011b We Are Twist!\u00a0 Tento kodex p\u0159ehledn\u011b shrnuje na\u0161e spole\u010dn\u00e9 hodnoty, p\u0159\u00edstup a o\u010dek\u00e1v\u00e1n\u00ed. Spole\u010dn\u011b tvo\u0159\u00edme zna\u010dky, kter\u00e1 stav\u00ed na kvalit\u011b, inovac\u00edch a v\u00fdjime\u010dn\u00e9m servisu. TWIST nen\u00ed jen o produktu \u2013 je to chv\u00edle radosti. Na\u0161\u00edm c\u00edlem je vytv\u00e1\u0159et nezapomenuteln\u00e9 z\u00e1\u017eitky pro V\u00e1s a na\u0161e z\u00e1kazn\u00edky skrze v\u00fdborn\u00fd produkt, [&hellip;]<\/p>\n","protected":false},"author":1,"featured_media":0,"parent":0,"menu_order":0,"comment_status":"closed","ping_status":"closed","template":"","meta":{"footnotes":""},"class_list":["post-429","page","type-page","status-publish","hentry"],"_links":{"self":[{"href":"https:\/\/wearetwist.com\/cs\/wp-json\/wp\/v2\/pages\/429","targetHints":{"allow":["GET"]}}],"collection":[{"href":"https:\/\/wearetwist.com\/cs\/wp-json\/wp\/v2\/pages"}],"about":[{"href":"https:\/\/wearetwist.com\/cs\/wp-json\/wp\/v2\/types\/page"}],"author":[{"embeddable":true,"href":"https:\/\/wearetwist.com\/cs\/wp-json\/wp\/v2\/users\/1"}],"replies":[{"embeddable":true,"href":"https:\/\/wearetwist.com\/cs\/wp-json\/wp\/v2\/comments?post=429"}],"version-history":[{"count":13,"href":"https:\/\/wearetwist.com\/cs\/wp-json\/wp\/v2\/pages\/429\/revisions"}],"predecessor-version":[{"id":1096,"href":"https:\/\/wearetwist.com\/cs\/wp-json\/wp\/v2\/pages\/429\/revisions\/1096"}],"wp:attachment":[{"href":"https:\/\/wearetwist.com\/cs\/wp-json\/wp\/v2\/media?parent=429"}],"curies":[{"name":"wp","href":"https:\/\/api.w.org\/{rel}","templated":true}]}}