{"id":106,"date":"2025-08-14T07:03:07","date_gmt":"2025-08-14T07:03:07","guid":{"rendered":"https:\/\/wearetwist.com\/?page_id=106"},"modified":"2025-12-11T12:15:00","modified_gmt":"2025-12-11T12:15:00","slug":"desatero","status":"publish","type":"page","link":"https:\/\/wearetwist.com\/cs\/desatero\/","title":{"rendered":"Desatero"},"content":{"rendered":"\t\t<div data-elementor-type=\"wp-page\" data-elementor-id=\"106\" class=\"elementor elementor-106\" data-elementor-post-type=\"page\">\n\t\t\t\t<div class=\"elementor-element elementor-element-1dcc42b2 e-flex e-con-boxed e-con e-parent\" data-id=\"1dcc42b2\" data-element_type=\"container\" data-settings=\"{&quot;background_background&quot;:&quot;classic&quot;}\">\n\t\t\t\t\t<div class=\"e-con-inner\">\n\t\t\t\t<div class=\"elementor-element elementor-element-4592d696 elementor-widget elementor-widget-heading\" data-id=\"4592d696\" data-element_type=\"widget\" data-widget_type=\"heading.default\">\n\t\t\t\t\t<h1 class=\"elementor-heading-title elementor-size-default\">Twist Desatero<\/h1>\t\t\t\t<\/div>\n\t\t\t\t<div class=\"elementor-element elementor-element-1f596d92 elementor-widget elementor-widget-image\" data-id=\"1f596d92\" data-element_type=\"widget\" data-widget_type=\"image.default\">\n\t\t\t\t\t\t\t\t\t\t\t\t\t\t\t<img fetchpriority=\"high\" decoding=\"async\" width=\"583\" height=\"687\" src=\"https:\/\/wearetwist.com\/wp-content\/uploads\/2025\/08\/Group-578.png\" class=\"attachment-large size-large wp-image-109\" alt=\"\" srcset=\"https:\/\/wearetwist.com\/wp-content\/uploads\/2025\/08\/Group-578.png 583w, https:\/\/wearetwist.com\/wp-content\/uploads\/2025\/08\/Group-578-255x300.png 255w\" sizes=\"(max-width: 583px) 100vw, 583px\" \/>\t\t\t\t\t\t\t\t\t\t\t\t\t\t\t<\/div>\n\t\t\t\t<div class=\"elementor-element elementor-element-32731756 elementor-widget elementor-widget-image\" data-id=\"32731756\" data-element_type=\"widget\" data-widget_type=\"image.default\">\n\t\t\t\t\t\t\t\t\t\t\t\t\t\t\t<img decoding=\"async\" width=\"22\" height=\"38\" src=\"https:\/\/wearetwist.com\/wp-content\/uploads\/2025\/08\/Arrow.png\" class=\"attachment-large size-large wp-image-110\" alt=\"\" \/>\t\t\t\t\t\t\t\t\t\t\t\t\t\t\t<\/div>\n\t\t\t\t<div class=\"elementor-element elementor-element-4c92d2c2 elementor-widget elementor-widget-heading\" data-id=\"4c92d2c2\" data-element_type=\"widget\" data-widget_type=\"heading.default\">\n\t\t\t\t\t<h2 class=\"elementor-heading-title elementor-size-default\">Na \u010dem stav\u00edme dlouhodob\u011b funguj\u00edc\u00ed spolupr\u00e1ce<\/h2>\t\t\t\t<\/div>\n\t\t\t\t<div class=\"elementor-element elementor-element-3618620e elementor-widget elementor-widget-text-editor\" data-id=\"3618620e\" data-element_type=\"widget\" data-widget_type=\"text-editor.default\">\n\t\t\t\t\t\t\t\t\t<p>Twist Desatero p\u0159edstavuje kl\u00ed\u010dov\u00e9 principy, podle kter\u00fdch p\u0159istupujeme k fran\u0161\u00edzov\u00e9mu partnerstv\u00ed. Jasn\u00e1 pravidla, transparentn\u00ed p\u0159\u00edstup a sd\u00edlen\u00e1 odpov\u011bdnost \u2013 to jsou pil\u00ed\u0159e \u00fasp\u011bchu, kter\u00e9 n\u00e1s odli\u0161uj\u00ed.<\/p>\t\t\t\t\t\t\t\t<\/div>\n\t\t<div class=\"elementor-element elementor-element-134cef8f e-grid e-con-full e-con e-child\" data-id=\"134cef8f\" data-element_type=\"container\">\n\t\t<div class=\"elementor-element elementor-element-5480f1d e-con-full e-flex e-con e-child\" data-id=\"5480f1d\" data-element_type=\"container\" data-settings=\"{&quot;background_background&quot;:&quot;classic&quot;}\">\n\t\t<div class=\"elementor-element elementor-element-3941226b e-con-full e-flex e-con e-child\" data-id=\"3941226b\" data-element_type=\"container\">\n\t\t\t\t<div class=\"elementor-element elementor-element-51ca264a elementor-widget elementor-widget-heading\" data-id=\"51ca264a\" data-element_type=\"widget\" data-widget_type=\"heading.default\">\n\t\t\t\t\t<h3 class=\"elementor-heading-title elementor-size-default\">1<\/h3>\t\t\t\t<\/div>\n\t\t\t\t<div class=\"elementor-element elementor-element-3343bbae elementor-widget elementor-widget-heading\" data-id=\"3343bbae\" data-element_type=\"widget\" data-widget_type=\"heading.default\">\n\t\t\t\t\t<h3 class=\"elementor-heading-title elementor-size-default\">V riziku nebudete, garanci m\u00e1te<\/h3>\t\t\t\t<\/div>\n\t\t\t\t<div class=\"elementor-element elementor-element-4e57912c elementor-widget elementor-widget-text-editor\" data-id=\"4e57912c\" data-element_type=\"widget\" data-widget_type=\"text-editor.default\">\n\t\t\t\t\t\t\t\t\t<p>Franchisant\/ka, jen\u017e jde s n\u00e1mi do spolupr\u00e1ce, m\u00e1 tyto garance:<\/p><ul><li>Testujeme koncept a lokaci.<\/li><li>Zm\u011bn\u00edme lokaci<\/li><li>Zm\u011bn\u00edme koncept<\/li><li>Do 6 m\u011bs\u00edc\u016f p\u0159ed\u00e1v\u00e1me funguj\u00edc\u00ed koncept.<\/li><\/ul><p>\u00a0<\/p><p>Nikdo jin\u00fd na trhu takov\u00e9 podm\u00ednky neposkytuje. Pouze my.<\/p>\t\t\t\t\t\t\t\t<\/div>\n\t\t\t\t<\/div>\n\t\t\t\t<\/div>\n\t\t<div class=\"elementor-element elementor-element-5c431ea2 e-con-full e-flex e-con e-child\" data-id=\"5c431ea2\" data-element_type=\"container\" data-settings=\"{&quot;background_background&quot;:&quot;classic&quot;}\">\n\t\t<div class=\"elementor-element elementor-element-142c39ac e-con-full e-flex e-con e-child\" data-id=\"142c39ac\" data-element_type=\"container\">\n\t\t\t\t<div class=\"elementor-element elementor-element-452ee92 elementor-widget elementor-widget-heading\" data-id=\"452ee92\" data-element_type=\"widget\" data-widget_type=\"heading.default\">\n\t\t\t\t\t<h3 class=\"elementor-heading-title elementor-size-default\">2<\/h3>\t\t\t\t<\/div>\n\t\t\t\t<div class=\"elementor-element elementor-element-3a4bad31 elementor-widget elementor-widget-heading\" data-id=\"3a4bad31\" data-element_type=\"widget\" data-widget_type=\"heading.default\">\n\t\t\t\t\t<h3 class=\"elementor-heading-title elementor-size-default\">Jsme v tom spolu, nejste sami<\/h3>\t\t\t\t<\/div>\n\t\t\t\t<div class=\"elementor-element elementor-element-327ef6cf elementor-widget elementor-widget-text-editor\" data-id=\"327ef6cf\" data-element_type=\"widget\" data-widget_type=\"text-editor.default\">\n\t\t\t\t\t\t\t\t\t<p>Ka\u017ed\u00e1 pobo\u010dka je sou\u010d\u00e1st\u00ed promy\u0161len\u00e9ho a ov\u011b\u0159en\u00e9ho syst\u00e9mu, kter\u00fd zaji\u0161\u0165uje provozn\u00ed stabilitu, r\u016fst a dlouhodobou hodnotu. Fran\u0161\u00edzant vstupuje do \u017eiv\u00e9ho ekosyst\u00e9mu, nikoliv do nezn\u00e1m\u00e9ho ter\u00e9nu.<\/p>\t\t\t\t\t\t\t\t<\/div>\n\t\t\t\t<\/div>\n\t\t\t\t<\/div>\n\t\t<div class=\"elementor-element elementor-element-595992f3 e-con-full e-flex e-con e-child\" data-id=\"595992f3\" data-element_type=\"container\" data-settings=\"{&quot;background_background&quot;:&quot;classic&quot;}\">\n\t\t<div class=\"elementor-element elementor-element-6aed5d2e e-con-full e-flex e-con e-child\" data-id=\"6aed5d2e\" data-element_type=\"container\">\n\t\t\t\t<div class=\"elementor-element elementor-element-50d91bcc elementor-widget elementor-widget-heading\" data-id=\"50d91bcc\" data-element_type=\"widget\" data-widget_type=\"heading.default\">\n\t\t\t\t\t<h3 class=\"elementor-heading-title elementor-size-default\">3<\/h3>\t\t\t\t<\/div>\n\t\t\t\t<div class=\"elementor-element elementor-element-413cfbf5 elementor-widget elementor-widget-heading\" data-id=\"413cfbf5\" data-element_type=\"widget\" data-widget_type=\"heading.default\">\n\t\t\t\t\t<h3 class=\"elementor-heading-title elementor-size-default\">Ka\u017edou novou pobo\u010dku \u0159\u00edd\u00edme prvn\u00edch 6 m\u011bs\u00edc\u016f my<\/h3>\t\t\t\t<\/div>\n\t\t\t\t<div class=\"elementor-element elementor-element-3383cb65 elementor-widget elementor-widget-text-editor\" data-id=\"3383cb65\" data-element_type=\"widget\" data-widget_type=\"text-editor.default\">\n\t\t\t\t\t\t\t\t\t<p>Zaji\u0161\u0165ujeme kompletn\u00ed full management zdarma: v\u00fdb\u011br a n\u00e1bor zam\u011bstnanc\u016f, jejich \u0161kolen\u00ed, denn\u00ed operativu, komunikaci s dodavateli i objedn\u00e1vky sortimentu. Franchisant tak p\u0159eb\u00edr\u00e1 rozb\u011bhnut\u00fd podnik, kter\u00fd generuje tr\u017eby.<\/p>\t\t\t\t\t\t\t\t<\/div>\n\t\t\t\t<\/div>\n\t\t\t\t<\/div>\n\t\t<div class=\"elementor-element elementor-element-60c1c83b e-con-full e-flex e-con e-child\" data-id=\"60c1c83b\" data-element_type=\"container\" data-settings=\"{&quot;background_background&quot;:&quot;classic&quot;}\">\n\t\t<div class=\"elementor-element elementor-element-33a1e081 e-con-full e-flex e-con e-child\" data-id=\"33a1e081\" data-element_type=\"container\">\n\t\t\t\t<div class=\"elementor-element elementor-element-485e2749 elementor-widget elementor-widget-heading\" data-id=\"485e2749\" data-element_type=\"widget\" data-widget_type=\"heading.default\">\n\t\t\t\t\t<h3 class=\"elementor-heading-title elementor-size-default\">4<\/h3>\t\t\t\t<\/div>\n\t\t\t\t<div class=\"elementor-element elementor-element-48d92fa0 elementor-widget elementor-widget-heading\" data-id=\"48d92fa0\" data-element_type=\"widget\" data-widget_type=\"heading.default\">\n\t\t\t\t\t<h3 class=\"elementor-heading-title elementor-size-default\">Nonstop podpora<\/h3>\t\t\t\t<\/div>\n\t\t\t\t<div class=\"elementor-element elementor-element-1f471479 elementor-widget elementor-widget-text-editor\" data-id=\"1f471479\" data-element_type=\"widget\" data-widget_type=\"text-editor.default\">\n\t\t\t\t\t\t\t\t\t<p>Ka\u017ed\u00e9mu fran\u0161\u00edzantovi dod\u00e1v\u00e1me siln\u00e9ho par\u0165\u00e1ka \u2013 vlastn\u00edho business consultanta, kter\u00fd zn\u00e1 ka\u017edodenn\u00ed realitu na\u0161ich koncept\u016f. Je k dispozici 24\/7 a dok\u00e1\u017ee efektivn\u011b pomoci s provozn\u00edmi ot\u00e1zkami, n\u00e1hl\u00fdmi situacemi i strategick\u00fdmi doporu\u010den\u00edmi. Nejde jen o support \u2013 jde o re\u00e1ln\u00e9ho spojence v podnik\u00e1n\u00ed.<\/p>\t\t\t\t\t\t\t\t<\/div>\n\t\t\t\t<\/div>\n\t\t\t\t<\/div>\n\t\t<div class=\"elementor-element elementor-element-7a583784 e-con-full e-flex e-con e-child\" data-id=\"7a583784\" data-element_type=\"container\" data-settings=\"{&quot;background_background&quot;:&quot;classic&quot;}\">\n\t\t<div class=\"elementor-element elementor-element-6da65286 e-con-full e-flex e-con e-child\" data-id=\"6da65286\" data-element_type=\"container\">\n\t\t\t\t<div class=\"elementor-element elementor-element-42464816 elementor-widget elementor-widget-heading\" data-id=\"42464816\" data-element_type=\"widget\" data-widget_type=\"heading.default\">\n\t\t\t\t\t<h3 class=\"elementor-heading-title elementor-size-default\">5<\/h3>\t\t\t\t<\/div>\n\t\t\t\t<div class=\"elementor-element elementor-element-1ef1ca17 elementor-widget elementor-widget-heading\" data-id=\"1ef1ca17\" data-element_type=\"widget\" data-widget_type=\"heading.default\">\n\t\t\t\t\t<h3 class=\"elementor-heading-title elementor-size-default\">Transparentn\u00ed jsme 24\/7<\/h3>\t\t\t\t<\/div>\n\t\t\t\t<div class=\"elementor-element elementor-element-50da2fe6 elementor-widget elementor-widget-text-editor\" data-id=\"50da2fe6\" data-element_type=\"widget\" data-widget_type=\"text-editor.default\">\n\t\t\t\t\t\t\t\t\t<p>Ka\u017ed\u00fd fran\u0161\u00edzant m\u00e1 nep\u0159etr\u017eit\u00fd p\u0159\u00edstup k tr\u017eb\u00e1m, skladov\u00fdm pohyb\u016fm, doch\u00e1zce i kamer\u00e1m provozovny. V\u0161echna data jsou online, p\u0159ehledn\u00e1 a ihned dostupn\u00e1. V\u00ed, co se d\u011bje \u2013 kdykoliv a odkudkoliv.<\/p>\t\t\t\t\t\t\t\t<\/div>\n\t\t\t\t<\/div>\n\t\t\t\t<\/div>\n\t\t<div class=\"elementor-element elementor-element-6fd046f5 e-con-full e-flex e-con e-child\" data-id=\"6fd046f5\" data-element_type=\"container\" data-settings=\"{&quot;background_background&quot;:&quot;classic&quot;}\">\n\t\t<div class=\"elementor-element elementor-element-58449c46 e-con-full e-flex e-con e-child\" data-id=\"58449c46\" data-element_type=\"container\">\n\t\t\t\t<div class=\"elementor-element elementor-element-69571e7f elementor-widget elementor-widget-heading\" data-id=\"69571e7f\" data-element_type=\"widget\" data-widget_type=\"heading.default\">\n\t\t\t\t\t<h3 class=\"elementor-heading-title elementor-size-default\">6<\/h3>\t\t\t\t<\/div>\n\t\t\t\t<div class=\"elementor-element elementor-element-3a0cc772 elementor-widget elementor-widget-heading\" data-id=\"3a0cc772\" data-element_type=\"widget\" data-widget_type=\"heading.default\">\n\t\t\t\t\t<h3 class=\"elementor-heading-title elementor-size-default\">M\u00e1me r\u00e1di Va\u0161e n\u00e1pady, p\u0159ed\u00e1v\u00e1me pouze otestovan\u00e9 koncepty na ov\u011b\u0159en\u00fdch m\u00edstech<\/h3>\t\t\t\t<\/div>\n\t\t\t\t<div class=\"elementor-element elementor-element-75787e60 elementor-widget elementor-widget-text-editor\" data-id=\"75787e60\" data-element_type=\"widget\" data-widget_type=\"text-editor.default\">\n\t\t\t\t\t\t\t\t\t<p>Ka\u017ed\u00fd nov\u00fd koncept testujeme v praxi \u2013 lad\u00edme nab\u00eddku, sledujeme odezvu z\u00e1kazn\u00edk\u016f, validujeme tr\u017eby. Do fran\u0161\u00edzov\u00e9 s\u00edt\u011b vstupuj\u00ed pouze modely, kter\u00e9 ji\u017e uk\u00e1zaly, \u017ee funguj\u00ed.<\/p>\t\t\t\t\t\t\t\t<\/div>\n\t\t\t\t<\/div>\n\t\t\t\t<\/div>\n\t\t<div class=\"elementor-element elementor-element-72e02b41 e-con-full e-flex e-con e-child\" data-id=\"72e02b41\" data-element_type=\"container\" data-settings=\"{&quot;background_background&quot;:&quot;classic&quot;}\">\n\t\t<div class=\"elementor-element elementor-element-77ea8ce6 e-con-full e-flex e-con e-child\" data-id=\"77ea8ce6\" data-element_type=\"container\">\n\t\t\t\t<div class=\"elementor-element elementor-element-7268180c elementor-widget elementor-widget-heading\" data-id=\"7268180c\" data-element_type=\"widget\" data-widget_type=\"heading.default\">\n\t\t\t\t\t<h3 class=\"elementor-heading-title elementor-size-default\">7<\/h3>\t\t\t\t<\/div>\n\t\t\t\t<div class=\"elementor-element elementor-element-400a45e4 elementor-widget elementor-widget-heading\" data-id=\"400a45e4\" data-element_type=\"widget\" data-widget_type=\"heading.default\">\n\t\t\t\t\t<h3 class=\"elementor-heading-title elementor-size-default\">Po zku\u0161ebn\u00ed dob\u011b si partner vol\u00ed dal\u0161\u00ed sm\u011br<\/h3>\t\t\t\t<\/div>\n\t\t\t\t<div class=\"elementor-element elementor-element-282b8555 elementor-widget elementor-widget-text-editor\" data-id=\"282b8555\" data-element_type=\"widget\" data-widget_type=\"text-editor.default\">\n\t\t\t\t\t\t\t\t\t<p>Po \u00favodn\u00edch \u0161esti m\u011bs\u00edc\u00edch m\u00e1te na v\u00fdb\u011br: bu\u010f si p\u0159evezmete \u0159\u00edzen\u00ed provozovny do vlastn\u00edch rukou, nebo si za m\u011bs\u00ed\u010dn\u00ed poplatek ponech\u00e1te n\u00e1\u0161 profesion\u00e1ln\u00ed management.<\/p>\t\t\t\t\t\t\t\t<\/div>\n\t\t\t\t<\/div>\n\t\t\t\t<\/div>\n\t\t<div class=\"elementor-element elementor-element-45e2b6cf e-con-full e-flex e-con e-child\" data-id=\"45e2b6cf\" data-element_type=\"container\" data-settings=\"{&quot;background_background&quot;:&quot;classic&quot;}\">\n\t\t<div class=\"elementor-element elementor-element-3eb55229 e-con-full e-flex e-con e-child\" data-id=\"3eb55229\" data-element_type=\"container\">\n\t\t\t\t<div class=\"elementor-element elementor-element-407d24a2 elementor-widget elementor-widget-heading\" data-id=\"407d24a2\" data-element_type=\"widget\" data-widget_type=\"heading.default\">\n\t\t\t\t\t<h3 class=\"elementor-heading-title elementor-size-default\">8<\/h3>\t\t\t\t<\/div>\n\t\t\t\t<div class=\"elementor-element elementor-element-6b13ec76 elementor-widget elementor-widget-heading\" data-id=\"6b13ec76\" data-element_type=\"widget\" data-widget_type=\"heading.default\">\n\t\t\t\t\t<h3 class=\"elementor-heading-title elementor-size-default\">Vyjedn\u00e1me nejlep\u0161\u00ed podm\u00ednky ka\u017ed\u00e9 lokace, pro v\u0161echny<\/h3>\t\t\t\t<\/div>\n\t\t\t\t<div class=\"elementor-element elementor-element-1b21af79 elementor-widget elementor-widget-text-editor\" data-id=\"1b21af79\" data-element_type=\"widget\" data-widget_type=\"text-editor.default\">\n\t\t\t\t\t\t\t\t\t<p>D\u00edky v\u00edce ne\u017e 390+ aktu\u00e1ln\u011b otev\u0159en\u00fdm pobo\u010dk\u00e1m a 11 koncept\u016f m\u00e1me silnou pozici v\u016f\u010di obchodn\u00edm centr\u016fm, dodavatel\u016fm i partner\u016fm. V\u0161ichni na\u0161i fran\u0161\u00edzant tak t\u011b\u017e\u00ed z v\u00fdhod velk\u00e9ho celku.<\/p>\t\t\t\t\t\t\t\t<\/div>\n\t\t\t\t<\/div>\n\t\t\t\t<\/div>\n\t\t<div class=\"elementor-element elementor-element-2a63c195 e-con-full e-flex e-con e-child\" data-id=\"2a63c195\" data-element_type=\"container\" data-settings=\"{&quot;background_background&quot;:&quot;classic&quot;}\">\n\t\t<div class=\"elementor-element elementor-element-7da89397 e-con-full e-flex e-con e-child\" data-id=\"7da89397\" data-element_type=\"container\">\n\t\t\t\t<div class=\"elementor-element elementor-element-5fa702d1 elementor-widget elementor-widget-heading\" data-id=\"5fa702d1\" data-element_type=\"widget\" data-widget_type=\"heading.default\">\n\t\t\t\t\t<h3 class=\"elementor-heading-title elementor-size-default\">9<\/h3>\t\t\t\t<\/div>\n\t\t\t\t<div class=\"elementor-element elementor-element-3e5af281 elementor-widget elementor-widget-heading\" data-id=\"3e5af281\" data-element_type=\"widget\" data-widget_type=\"heading.default\">\n\t\t\t\t\t<h3 class=\"elementor-heading-title elementor-size-default\">Rychl\u00e1 reakce, a\u0165 jsme v\u0161ichni spokojeni<\/h3>\t\t\t\t<\/div>\n\t\t\t\t<div class=\"elementor-element elementor-element-6dd3a00a elementor-widget elementor-widget-text-editor\" data-id=\"6dd3a00a\" data-element_type=\"widget\" data-widget_type=\"text-editor.default\">\n\t\t\t\t\t\t\t\t\t<p>Neskr\u00fdv\u00e1me probl\u00e9my \u2013 \u0159e\u0161\u00edme je. Pokud pobo\u010dka nebo koncept nespln\u00ed na\u0161e parametry v\u00fdnosu, hled\u00e1me \u0159e\u0161en\u00ed: jinou lokaci, nov\u00e9 person\u00e1ln\u00ed slo\u017een\u00ed, nebo p\u0159echod na jin\u00fd koncept, v\u010detn\u011b finan\u010dn\u00edho vypo\u0159\u00e1d\u00e1n\u00ed.<\/p>\t\t\t\t\t\t\t\t<\/div>\n\t\t\t\t<\/div>\n\t\t\t\t<\/div>\n\t\t<div class=\"elementor-element elementor-element-33b5e77 e-con-full e-flex e-con e-child\" data-id=\"33b5e77\" data-element_type=\"container\" data-settings=\"{&quot;background_background&quot;:&quot;classic&quot;}\">\n\t\t<div class=\"elementor-element elementor-element-2a8f73a9 e-con-full e-flex e-con e-child\" data-id=\"2a8f73a9\" data-element_type=\"container\">\n\t\t\t\t<div class=\"elementor-element elementor-element-2cd19e8d elementor-widget elementor-widget-heading\" data-id=\"2cd19e8d\" data-element_type=\"widget\" data-widget_type=\"heading.default\">\n\t\t\t\t\t<h3 class=\"elementor-heading-title elementor-size-default\">10<\/h3>\t\t\t\t<\/div>\n\t\t\t\t<div class=\"elementor-element elementor-element-6c6d7249 elementor-widget elementor-widget-heading\" data-id=\"6c6d7249\" data-element_type=\"widget\" data-widget_type=\"heading.default\">\n\t\t\t\t\t<h3 class=\"elementor-heading-title elementor-size-default\">Roz\u0161i\u0159ujeme se zodpov\u011bdn\u011b<\/h3>\t\t\t\t<\/div>\n\t\t\t\t<div class=\"elementor-element elementor-element-7be69717 elementor-widget elementor-widget-text-editor\" data-id=\"7be69717\" data-element_type=\"widget\" data-widget_type=\"text-editor.default\">\n\t\t\t\t\t\t\t\t\t<p>Expanze m\u00e1 smysl jen tehdy, pokud je udr\u017eiteln\u00e1. Zam\u011b\u0159ujeme se na Evropu, zvy\u0161ujeme vstupn\u00ed po\u017eadavky, soust\u0159e\u010fujeme se na rozvoj st\u00e1vaj\u00edc\u00edch partner\u016f. Kvalita m\u00e1 p\u0159ednost p\u0159ed kvantitou.<\/p>\t\t\t\t\t\t\t\t<\/div>\n\t\t\t\t<\/div>\n\t\t\t\t<\/div>\n\t\t\t\t<\/div>\n\t\t<div class=\"elementor-element elementor-element-f1e36a6 e-con-full e-flex e-con e-child\" data-id=\"f1e36a6\" data-element_type=\"container\">\n\t\t<div class=\"elementor-element elementor-element-7fc6292c e-con-full e-flex e-con e-child\" data-id=\"7fc6292c\" data-element_type=\"container\">\n\t\t\t\t<div class=\"elementor-element elementor-element-59d985 elementor-widget elementor-widget-image\" data-id=\"59d985\" data-element_type=\"widget\" data-widget_type=\"image.default\">\n\t\t\t\t\t\t\t\t\t\t\t\t\t\t\t<img decoding=\"async\" width=\"800\" height=\"800\" src=\"https:\/\/wearetwist.com\/wp-content\/uploads\/2025\/12\/DSC_3781-2048x2048-1-1024x1024.jpg\" class=\"attachment-large size-large wp-image-1183\" alt=\"\" srcset=\"https:\/\/wearetwist.com\/wp-content\/uploads\/2025\/12\/DSC_3781-2048x2048-1-1024x1024.jpg 1024w, https:\/\/wearetwist.com\/wp-content\/uploads\/2025\/12\/DSC_3781-2048x2048-1-300x300.jpg 300w, https:\/\/wearetwist.com\/wp-content\/uploads\/2025\/12\/DSC_3781-2048x2048-1-150x150.jpg 150w, https:\/\/wearetwist.com\/wp-content\/uploads\/2025\/12\/DSC_3781-2048x2048-1-768x768.jpg 768w, https:\/\/wearetwist.com\/wp-content\/uploads\/2025\/12\/DSC_3781-2048x2048-1-1536x1536.jpg 1536w, https:\/\/wearetwist.com\/wp-content\/uploads\/2025\/12\/DSC_3781-2048x2048-1.jpg 2048w\" sizes=\"(max-width: 800px) 100vw, 800px\" \/>\t\t\t\t\t\t\t\t\t\t\t\t\t\t\t<\/div>\n\t\t\t\t<\/div>\n\t\t<div class=\"elementor-element elementor-element-62bed45e e-con-full e-flex e-con e-child\" data-id=\"62bed45e\" data-element_type=\"container\">\n\t\t\t\t<div class=\"elementor-element elementor-element-6676253b elementor-widget elementor-widget-text-editor\" data-id=\"6676253b\" data-element_type=\"widget\" data-widget_type=\"text-editor.default\">\n\t\t\t\t\t\t\t\t\t<p>\u201eNejde n\u00e1m o kvantitu, ale o v\u00fdkon a spokojenost na\u0161ich fran\u0161\u00edzant\u016f. Vylep\u0161ujeme design a viditelnost prodejen, p\u0159ich\u00e1z\u00edme s marketingov\u00fdmi n\u00e1pady a zam\u011b\u0159ujeme se jen na lokality, kter\u00e9 opravdu funguj\u00ed. Ob\u010das se objev\u00ed i probl\u00e9my \u2013 jako u ka\u017ed\u00e9ho, kdo podnik\u00e1 \u2013 ale my je um\u00edme vy\u0159e\u0161it rychle a efektivn\u011b. I d\u00edky tomu m\u00e1 v\u011bt\u0161ina na\u0161ich partner\u016f v\u00edc ne\u017e jednu prodejnu \u2013 pr\u016fm\u011brn\u011b 2, na 1 fran\u0161\u00edzanta.\u201c<\/p>\t\t\t\t\t\t\t\t<\/div>\n\t\t\t\t<div class=\"elementor-element elementor-element-23e8e3cb elementor-widget elementor-widget-text-editor\" data-id=\"23e8e3cb\" data-element_type=\"widget\" data-widget_type=\"text-editor.default\">\n\t\t\t\t\t\t\t\t\t<p>Radek Klein, CEO Twist<\/p>\t\t\t\t\t\t\t\t<\/div>\n\t\t\t\t<\/div>\n\t\t\t\t<\/div>\n\t\t\t\t\t<\/div>\n\t\t\t\t<\/div>\n\t\t\t\t<\/div>\n\t\t","protected":false},"excerpt":{"rendered":"<p>Twist Desatero Na \u010dem stav\u00edme dlouhodob\u011b funguj\u00edc\u00ed spolupr\u00e1ce Twist Desatero p\u0159edstavuje kl\u00ed\u010dov\u00e9 principy, podle kter\u00fdch p\u0159istupujeme k fran\u0161\u00edzov\u00e9mu partnerstv\u00ed. Jasn\u00e1 pravidla, transparentn\u00ed p\u0159\u00edstup a sd\u00edlen\u00e1 odpov\u011bdnost \u2013 to jsou pil\u00ed\u0159e \u00fasp\u011bchu, kter\u00e9 n\u00e1s odli\u0161uj\u00ed. 1 V riziku nebudete, garanci m\u00e1te Franchisant\/ka, jen\u017e jde s n\u00e1mi do spolupr\u00e1ce, m\u00e1 tyto garance: Testujeme koncept a lokaci. Zm\u011bn\u00edme [&hellip;]<\/p>\n","protected":false},"author":1,"featured_media":0,"parent":0,"menu_order":0,"comment_status":"closed","ping_status":"closed","template":"elementor_header_footer","meta":{"footnotes":""},"class_list":["post-106","page","type-page","status-publish","hentry"],"_links":{"self":[{"href":"https:\/\/wearetwist.com\/cs\/wp-json\/wp\/v2\/pages\/106","targetHints":{"allow":["GET"]}}],"collection":[{"href":"https:\/\/wearetwist.com\/cs\/wp-json\/wp\/v2\/pages"}],"about":[{"href":"https:\/\/wearetwist.com\/cs\/wp-json\/wp\/v2\/types\/page"}],"author":[{"embeddable":true,"href":"https:\/\/wearetwist.com\/cs\/wp-json\/wp\/v2\/users\/1"}],"replies":[{"embeddable":true,"href":"https:\/\/wearetwist.com\/cs\/wp-json\/wp\/v2\/comments?post=106"}],"version-history":[{"count":13,"href":"https:\/\/wearetwist.com\/cs\/wp-json\/wp\/v2\/pages\/106\/revisions"}],"predecessor-version":[{"id":1201,"href":"https:\/\/wearetwist.com\/cs\/wp-json\/wp\/v2\/pages\/106\/revisions\/1201"}],"wp:attachment":[{"href":"https:\/\/wearetwist.com\/cs\/wp-json\/wp\/v2\/media?parent=106"}],"curies":[{"name":"wp","href":"https:\/\/api.w.org\/{rel}","templated":true}]}}